{"id":1199,"date":"2017-04-08T14:05:01","date_gmt":"2017-04-08T17:05:01","guid":{"rendered":"https:\/\/mi.nbc-ar.com\/inicio-2\/"},"modified":"2023-05-23T15:34:41","modified_gmt":"2023-05-23T18:34:41","slug":"inicio-2","status":"publish","type":"page","link":"https:\/\/mi.nbc-ar.com\/pt-br\/","title":{"rendered":"Membresia | Login"},"content":{"rendered":"<div id=\"pl-1199\"  class=\"panel-layout\" ><div id=\"pg-1199-0\"  class=\"panel-grid panel-has-style\" ><div class=\"siteorigin-panels-stretch panel-row-style panel-row-style-for-1199-0\" id=\"login\" data-stretch-type=\"full\" ><div id=\"pgc-1199-0-0\"  class=\"panel-grid-cell\" ><div id=\"panel-1199-0-0-0\" class=\"so-panel widget widget_sow-editor panel-first-child\" data-index=\"0\" ><div class=\"blanco panel-widget-style panel-widget-style-for-1199-0-0-0\" ><div\n\t\t\t\n\t\t\tclass=\"so-widget-sow-editor so-widget-sow-editor-base\"\n\t\t\t\n\t\t>\n<div class=\"siteorigin-widget-tinymce textwidget\">\n\t<h1 style=\"text-align: center; color: white;\">NBC Elettronica<\/h1>\n<\/div>\n<\/div><\/div><\/div><div id=\"panel-1199-0-0-1\" class=\"so-panel widget widget_sow-editor\" data-index=\"1\" ><div\n\t\t\t\n\t\t\tclass=\"so-widget-sow-editor so-widget-sow-editor-base\"\n\t\t\t\n\t\t>\n<div class=\"siteorigin-widget-tinymce textwidget\">\n\t<p>&nbsp;<\/p>\n<\/div>\n<\/div><\/div><div id=\"panel-1199-0-0-2\" class=\"so-panel widget widget_sow-editor\" data-index=\"2\" ><div class=\"blanco panel-widget-style panel-widget-style-for-1199-0-0-2\" ><div\n\t\t\t\n\t\t\tclass=\"so-widget-sow-editor so-widget-sow-editor-base\"\n\t\t\t\n\t\t>\n<div class=\"siteorigin-widget-tinymce textwidget\">\n\t<h6 style=\"text-align: center; color: white;\">Bem-vindo ao nosso Centro de Recursos<\/h6>\n<\/div>\n<\/div><\/div><\/div><div id=\"panel-1199-0-0-3\" class=\"so-panel widget widget_sow-editor\" data-index=\"3\" ><div\n\t\t\t\n\t\t\tclass=\"so-widget-sow-editor so-widget-sow-editor-base\"\n\t\t\t\n\t\t>\n<div class=\"siteorigin-widget-tinymce textwidget\">\n\t<p>&nbsp;<\/p>\n<\/div>\n<\/div><\/div><div id=\"panel-1199-0-0-4\" class=\"so-panel widget widget_sow-button panel-last-child\" data-index=\"4\" ><div class=\"panel-widget-style panel-widget-style-for-1199-0-0-4\" ><div\n\t\t\t\n\t\t\tclass=\"so-widget-sow-button so-widget-sow-button-wire-246cb74bfc23-1199\"\n\t\t\t\n\t\t><div class=\"ow-button-base ow-button-align-center\"\n>\n\t\t\t<a\n\t\t\t\t\thref=\"\/pt-br\/registro\/\"\n\t\t\t\t\tclass=\"sowb-button ow-icon-placement-left ow-button-hover\" \t>\n\t\t<span>\n\t\t\t\n\t\t\tCriar uma conta\t\t<\/span>\n\t\t\t<\/a>\n\t<\/div>\n<\/div><\/div><\/div><\/div><div id=\"pgc-1199-0-1\"  class=\"panel-grid-cell\" ><div id=\"panel-1199-0-1-0\" class=\"so-panel widget widget_sow-editor panel-first-child\" data-index=\"5\" ><div class=\"blanco panel-widget-style panel-widget-style-for-1199-0-1-0\" ><div\n\t\t\t\n\t\t\tclass=\"so-widget-sow-editor so-widget-sow-editor-base\"\n\t\t\t\n\t\t>\n<div class=\"siteorigin-widget-tinymce textwidget\">\n\t<h6 style=\"text-align: center; color: white;\">Entrar<\/h6>\n<\/div>\n<\/div><\/div><\/div><div id=\"panel-1199-0-1-1\" class=\"so-panel widget widget_sow-editor panel-last-child\" data-index=\"6\" ><div class=\"blanco panel-widget-style panel-widget-style-for-1199-0-1-1\" ><div\n\t\t\t\n\t\t\tclass=\"so-widget-sow-editor so-widget-sow-editor-base\"\n\t\t\t\n\t\t>\n<div class=\"siteorigin-widget-tinymce textwidget\">\n\t<p style=\"text-align: center;\"><div class=\"swpm-login-widget-form\">\n    <form id=\"swpm-login-form\" name=\"swpm-login-form\" method=\"post\" action=\"\">\n        <input type=\"hidden\" name=\"swpm_login_origination_flag\" value=\"1\" \/>\n        <div class=\"swpm-login-form-inner\">\n            <div class=\"swpm-username-label\">\n                <label for=\"swpm_user_name\" class=\"swpm-label\">Nombre de usuario o Email<\/label>\n            <\/div>\n            <div class=\"swpm-username-input\">\n                <input type=\"text\" class=\"swpm-text-field swpm-username-field\" id=\"swpm_user_name\" value=\"\" size=\"25\" name=\"swpm_user_name\" \/>\n            <\/div>\n            <div class=\"swpm-password-label\">\n                <label for=\"swpm_password\" class=\"swpm-label\">Contrase\u00f1a<\/label>\n            <\/div>\n            <div class=\"swpm-password-input\">                \n                <input type=\"password\" class=\"swpm-text-field swpm-password-field\" id=\"swpm_password\" value=\"\" size=\"25\" name=\"swpm_password\" \/>                \n            <\/div>\n                        <div class=\"swpm-remember-me\">\n                <span class=\"swpm-remember-checkbox\"><input type=\"checkbox\" name=\"rememberme\" id=\"swpm-rememberme\"><\/span>\n                <label for=\"swpm-rememberme\" class=\"swpm-rememberme-label\">\n                    <span class=\"swpm-rember-label\"> Recu\u00e9rdame<\/span>\n                <\/label>\n            <\/div>\n\n            <div class=\"swpm-before-login-submit-section\"><\/div>\n\n            <div class=\"swpm-login-submit\">\n                <input type=\"submit\" class=\"swpm-login-form-submit\" name=\"swpm-login\" value=\"Acceder\"\/>\n            <\/div>\n            <div class=\"swpm-forgot-pass-link\">\n                <a id=\"forgot_pass\" class=\"swpm-login-form-pw-reset-link\"  href=\"https:\/\/mi.nbc-ar.com\/password-reset\/\">\u00bfHas olvidado tu contrase\u00f1a?<\/a>\n            <\/div>\n                        <div class=\"swpm-join-us-link\">\n                <a id=\"register\" class=\"swpm-login-form-register-link\" href=\"https:\/\/mi.nbc-ar.com\/registro\/\">\u00danete a nosotros<\/a>\n            <\/div>\n                        <div class=\"swpm-login-action-msg\">\n                <span class=\"swpm-login-widget-action-msg\"><\/span>\n            <\/div>\n        <\/div>\n    <\/form>\n\n    <\/div>\n<\/p>\n<\/div>\n<\/div><\/div><\/div><\/div><\/div><\/div><div id=\"pg-1199-1\"  class=\"panel-grid panel-has-style\" ><div class=\"siteorigin-panels-stretch panel-row-style panel-row-style-for-1199-1\" id=\"beneficios\" data-stretch-type=\"full\" ><div id=\"pgc-1199-1-0\"  class=\"panel-grid-cell\" ><div id=\"panel-1199-1-0-0\" class=\"so-panel widget widget_sow-editor panel-first-child\" data-index=\"7\" ><div\n\t\t\t\n\t\t\tclass=\"so-widget-sow-editor so-widget-sow-editor-base\"\n\t\t\t\n\t\t>\n<div class=\"siteorigin-widget-tinymce textwidget\">\n\t<p>&nbsp;<\/p>\n<\/div>\n<\/div><\/div><div id=\"panel-1199-1-0-1\" class=\"so-panel widget widget_sow-editor\" data-index=\"8\" ><div\n\t\t\t\n\t\t\tclass=\"so-widget-sow-editor so-widget-sow-editor-base\"\n\t\t\t\n\t\t>\n<div class=\"siteorigin-widget-tinymce textwidget\">\n\t<img loading=\"lazy\" decoding=\"async\" src=\"https:\/\/mi.nbc-ar.com\/wp-content\/uploads\/nbc-mockup.png\" alt=\"nbc-mockup\" width=\"800\" height=\"500\" class=\"aligncenter size-full wp-image-1182\" srcset=\"https:\/\/mi.nbc-ar.com\/wp-content\/uploads\/nbc-mockup.png 800w, https:\/\/mi.nbc-ar.com\/wp-content\/uploads\/nbc-mockup-300x188.png 300w, https:\/\/mi.nbc-ar.com\/wp-content\/uploads\/nbc-mockup-100x63.png 100w\" sizes=\"auto, (max-width: 800px) 100vw, 800px\" \/><\/div>\n<\/div><\/div><div id=\"panel-1199-1-0-2\" class=\"so-panel widget widget_sow-editor panel-last-child\" data-index=\"9\" ><div\n\t\t\t\n\t\t\tclass=\"so-widget-sow-editor so-widget-sow-editor-base\"\n\t\t\t\n\t\t>\n<div class=\"siteorigin-widget-tinymce textwidget\">\n\t<p>&nbsp;<\/p>\n<\/div>\n<\/div><\/div><\/div><div id=\"pgc-1199-1-1\"  class=\"panel-grid-cell\" ><div id=\"panel-1199-1-1-0\" class=\"so-panel widget widget_sow-editor panel-first-child\" data-index=\"10\" ><div class=\"panel-widget-style panel-widget-style-for-1199-1-1-0\" ><div\n\t\t\t\n\t\t\tclass=\"so-widget-sow-editor so-widget-sow-editor-base\"\n\t\t\t\n\t\t>\n<div class=\"siteorigin-widget-tinymce textwidget\">\n\t<h2>Aqui voc\u00ea encontrar\u00e1<\/h2>\n<\/div>\n<\/div><\/div><\/div><div id=\"panel-1199-1-1-1\" class=\"so-panel widget widget_sow-editor\" data-index=\"11\" ><div\n\t\t\t\n\t\t\tclass=\"so-widget-sow-editor so-widget-sow-editor-base\"\n\t\t\t\n\t\t>\n<div class=\"siteorigin-widget-tinymce textwidget\">\n\t<p>&nbsp;<\/p>\n<\/div>\n<\/div><\/div><div id=\"panel-1199-1-1-2\" class=\"so-panel widget widget_sow-editor\" data-index=\"12\" ><div\n\t\t\t\n\t\t\tclass=\"so-widget-sow-editor so-widget-sow-editor-base\"\n\t\t\t\n\t\t>\n<div class=\"siteorigin-widget-tinymce textwidget\">\n\t<ul class=\"estrella\">\n<li>Informa\u00e7\u00f5es de not\u00edcias<\/li>\n<li>Folhas de dados<\/li>\n<li>Descontos<\/li>\n<li>Pr\u00e9-lan\u00e7amentos<\/li>\n<li>Ofertas exclusivas<\/li>\n<li>Manuais do usu\u00e1rio<\/li>\n<\/ul>\n<p>&nbsp;<\/p>\n<p>Somos a NBC Elettronica. Dedicamo-nos a ajudar ind\u00fastrias, empresas e profissionais a implementar solu\u00e7\u00f5es de pesagem eletr\u00f4nica de alta precis\u00e3o com uma equipe de profissionais altamente qualificados e com vasta experi\u00eancia.<\/p>\n<\/div>\n<\/div><\/div><div id=\"panel-1199-1-1-3\" class=\"so-panel widget widget_sow-editor\" data-index=\"13\" ><div\n\t\t\t\n\t\t\tclass=\"so-widget-sow-editor so-widget-sow-editor-base\"\n\t\t\t\n\t\t>\n<div class=\"siteorigin-widget-tinymce textwidget\">\n\t<p>&nbsp;<\/p>\n<\/div>\n<\/div><\/div><div id=\"panel-1199-1-1-4\" class=\"so-panel widget widget_sow-button panel-last-child\" data-index=\"14\" ><div class=\"panel-widget-style panel-widget-style-for-1199-1-1-4\" ><div\n\t\t\t\n\t\t\tclass=\"so-widget-sow-button so-widget-sow-button-atom-dd7408419195-1199\"\n\t\t\t\n\t\t><div class=\"ow-button-base ow-button-align-center\"\n>\n\t\t\t<a\n\t\t\t\t\thref=\"http:\/\/pt-br\/registro\/\"\n\t\t\t\t\tclass=\"sowb-button ow-icon-placement-left ow-button-hover\" id=\"boton-primario\" \t>\n\t\t<span>\n\t\t\t\n\t\t\tCriar uma conta\t\t<\/span>\n\t\t\t<\/a>\n\t<\/div>\n<\/div><\/div><\/div><\/div><\/div><\/div><div id=\"pg-1199-2\"  class=\"panel-grid panel-has-style\" ><div class=\"siteorigin-panels-stretch panel-row-style panel-row-style-for-1199-2\" id=\"cta\" data-stretch-type=\"full\" ><div id=\"pgc-1199-2-0\"  class=\"panel-grid-cell\" ><div id=\"panel-1199-2-0-0\" class=\"so-panel widget widget_sow-editor panel-first-child\" data-index=\"15\" ><div\n\t\t\t\n\t\t\tclass=\"so-widget-sow-editor so-widget-sow-editor-base\"\n\t\t\t\n\t\t>\n<div class=\"siteorigin-widget-tinymce textwidget\">\n\t<h6 style=\"text-align: center;\">\"Na NBC Elettronica ajudamos nossos clientes a resolver seus problemas de pesagem industrial\"<\/h6>\n<\/div>\n<\/div><\/div><div id=\"panel-1199-2-0-1\" class=\"so-panel widget widget_sow-editor\" data-index=\"16\" ><div\n\t\t\t\n\t\t\tclass=\"so-widget-sow-editor so-widget-sow-editor-base\"\n\t\t\t\n\t\t>\n<div class=\"siteorigin-widget-tinymce textwidget\">\n\t<p>&nbsp;<\/p>\n<\/div>\n<\/div><\/div><div id=\"panel-1199-2-0-2\" class=\"so-panel widget widget_sow-button panel-last-child\" data-index=\"17\" ><div id=\"home-puv-01-boton\" class=\"panel-widget-style panel-widget-style-for-1199-2-0-2\" ><div\n\t\t\t\n\t\t\tclass=\"so-widget-sow-button so-widget-sow-button-wire-1fa3dc6ce777-1199\"\n\t\t\t\n\t\t><div class=\"ow-button-base ow-button-align-center\"\n>\n\t\t\t<a\n\t\t\t\t\thref=\"\/pt-br\/contato\"\n\t\t\t\t\tclass=\"sowb-button ow-icon-placement-left\" \t>\n\t\t<span>\n\t\t\t\n\t\t\tCONTATO\t\t<\/span>\n\t\t\t<\/a>\n\t<\/div>\n<\/div><\/div><\/div><\/div><\/div><\/div><div id=\"pg-1199-3\"  class=\"panel-grid panel-no-style\" ><div id=\"pgc-1199-3-0\"  class=\"panel-grid-cell\" ><div id=\"panel-1199-3-0-0\" class=\"so-panel widget widget_sow-editor panel-first-child panel-last-child\" data-index=\"18\" ><div\n\t\t\t\n\t\t\tclass=\"so-widget-sow-editor so-widget-sow-editor-base\"\n\t\t\t\n\t\t>\n<div class=\"siteorigin-widget-tinymce textwidget\">\n\t\n<\/div>\n<\/div><\/div><\/div><\/div><\/div>","protected":false},"excerpt":{"rendered":"<p>&nbsp; Bem-vindo ao nosso Centro de Recursos &nbsp; Entrar &nbsp; &nbsp; Aqui voc\u00ea encontrar\u00e1 &nbsp; Informa\u00e7\u00f5es de not\u00edcias Folhas de dados Descontos Pr\u00e9-lan\u00e7amentos Ofertas exclusivas Manuais do usu\u00e1rio &nbsp; Somos a . Dedicamo-nos a ajudar ind\u00fastrias, empresas e profissionais a implementar solu\u00e7\u00f5es de pesagem eletr\u00f4nica de alta precis\u00e3o com uma equipe de profissionais altamente qualificados [&hellip;]<\/p>\n","protected":false},"author":2,"featured_media":0,"parent":0,"menu_order":0,"comment_status":"closed","ping_status":"closed","template":"landingsinmenu-template.php","meta":{"footnotes":""},"class_list":["post-1199","page","type-page","status-publish","hentry"],"yoast_head":"<title>NBC Elettronica | Centro de Recursos<\/title>\n<meta name=\"description\" content=\"Centro de recursos de NBC-Elettronica Brasil. Acesse folhas de dados, informa\u00e7\u00f5es e not\u00edcias. Inscreva-se gr\u00e1tis agora!\" \/>\n<meta name=\"robots\" content=\"noindex, follow, max-snippet:-1, max-image-preview:large, max-video-preview:-1\" \/>\n<meta property=\"og:locale\" content=\"pt_BR\" \/>\n<meta property=\"og:type\" content=\"article\" \/>\n<meta property=\"og:title\" content=\"NBC Elettronica | Centro de Recursos\" \/>\n<meta property=\"og:description\" content=\"Centro de recursos de NBC-Elettronica Brasil. Acesse folhas de dados, informa\u00e7\u00f5es e not\u00edcias. Inscreva-se gr\u00e1tis agora!\" \/>\n<meta property=\"og:url\" content=\"https:\/\/mi.nbc-ar.com\/pt-br\/\" \/>\n<meta property=\"og:site_name\" content=\"NBC Elettronica | Centro de Recursos\" \/>\n<meta property=\"article:modified_time\" content=\"2023-05-23T18:34:41+00:00\" \/>\n<meta property=\"og:image\" content=\"https:\/\/mi.nbc-ar.com\/wp-content\/uploads\/nbc-mockup.png\" \/>\n<meta name=\"twitter:card\" content=\"summary_large_image\" \/>\n<meta name=\"twitter:label1\" content=\"Est. tempo de leitura\" \/>\n\t<meta name=\"twitter:data1\" content=\"1 minuto\" \/>\n<script type=\"application\/ld+json\" class=\"yoast-schema-graph\">{\"@context\":\"https:\/\/schema.org\",\"@graph\":[{\"@type\":\"WebPage\",\"@id\":\"https:\/\/mi.nbc-ar.com\/pt-br\/\",\"url\":\"https:\/\/mi.nbc-ar.com\/pt-br\/\",\"name\":\"NBC Elettronica | Centro de Recursos\",\"isPartOf\":{\"@id\":\"https:\/\/mi.nbc-ar.com\/#website\"},\"primaryImageOfPage\":{\"@id\":\"https:\/\/mi.nbc-ar.com\/pt-br\/#primaryimage\"},\"image\":{\"@id\":\"https:\/\/mi.nbc-ar.com\/pt-br\/#primaryimage\"},\"thumbnailUrl\":\"https:\/\/mi.nbc-ar.com\/wp-content\/uploads\/nbc-mockup.png\",\"datePublished\":\"2017-04-08T17:05:01+00:00\",\"dateModified\":\"2023-05-23T18:34:41+00:00\",\"description\":\"Centro de recursos de NBC-Elettronica Brasil. Acesse folhas de dados, informa\u00e7\u00f5es e not\u00edcias. Inscreva-se gr\u00e1tis agora!\",\"breadcrumb\":{\"@id\":\"https:\/\/mi.nbc-ar.com\/pt-br\/#breadcrumb\"},\"inLanguage\":\"pt-BR\",\"potentialAction\":[{\"@type\":\"ReadAction\",\"target\":[\"https:\/\/mi.nbc-ar.com\/pt-br\/\"]}]},{\"@type\":\"ImageObject\",\"inLanguage\":\"pt-BR\",\"@id\":\"https:\/\/mi.nbc-ar.com\/pt-br\/#primaryimage\",\"url\":\"https:\/\/mi.nbc-ar.com\/wp-content\/uploads\/nbc-mockup.png\",\"contentUrl\":\"https:\/\/mi.nbc-ar.com\/wp-content\/uploads\/nbc-mockup.png\"},{\"@type\":\"BreadcrumbList\",\"@id\":\"https:\/\/mi.nbc-ar.com\/pt-br\/#breadcrumb\",\"itemListElement\":[{\"@type\":\"ListItem\",\"position\":1,\"name\":\"Inicio\",\"item\":\"https:\/\/mi.nbc-ar.com\/pt-br\/\"},{\"@type\":\"ListItem\",\"position\":2,\"name\":\"Membresia | Login\"}]},{\"@type\":\"WebSite\",\"@id\":\"https:\/\/mi.nbc-ar.com\/#website\",\"url\":\"https:\/\/mi.nbc-ar.com\/\",\"name\":\"NBC Elettronica | Centro de Recursos\",\"description\":\"A qu\u00e9 se dedica tu empresa\",\"potentialAction\":[{\"@type\":\"SearchAction\",\"target\":{\"@type\":\"EntryPoint\",\"urlTemplate\":\"https:\/\/mi.nbc-ar.com\/?s={search_term_string}\"},\"query-input\":{\"@type\":\"PropertyValueSpecification\",\"valueRequired\":true,\"valueName\":\"search_term_string\"}}],\"inLanguage\":\"pt-BR\"}]}<\/script>","yoast_head_json":{"title":"NBC Elettronica | Centro de Recursos","description":"Centro de recursos de NBC-Elettronica Brasil. Acesse folhas de dados, informa\u00e7\u00f5es e not\u00edcias. Inscreva-se gr\u00e1tis agora!","robots":{"index":"noindex","follow":"follow","max-snippet":"max-snippet:-1","max-image-preview":"max-image-preview:large","max-video-preview":"max-video-preview:-1"},"og_locale":"pt_BR","og_type":"article","og_title":"NBC Elettronica | Centro de Recursos","og_description":"Centro de recursos de NBC-Elettronica Brasil. Acesse folhas de dados, informa\u00e7\u00f5es e not\u00edcias. Inscreva-se gr\u00e1tis agora!","og_url":"https:\/\/mi.nbc-ar.com\/pt-br\/","og_site_name":"NBC Elettronica | Centro de Recursos","article_modified_time":"2023-05-23T18:34:41+00:00","og_image":[{"url":"https:\/\/mi.nbc-ar.com\/wp-content\/uploads\/nbc-mockup.png","type":"","width":"","height":""}],"twitter_card":"summary_large_image","twitter_misc":{"Est. tempo de leitura":"1 minuto"},"schema":{"@context":"https:\/\/schema.org","@graph":[{"@type":"WebPage","@id":"https:\/\/mi.nbc-ar.com\/pt-br\/","url":"https:\/\/mi.nbc-ar.com\/pt-br\/","name":"NBC Elettronica | Centro de Recursos","isPartOf":{"@id":"https:\/\/mi.nbc-ar.com\/#website"},"primaryImageOfPage":{"@id":"https:\/\/mi.nbc-ar.com\/pt-br\/#primaryimage"},"image":{"@id":"https:\/\/mi.nbc-ar.com\/pt-br\/#primaryimage"},"thumbnailUrl":"https:\/\/mi.nbc-ar.com\/wp-content\/uploads\/nbc-mockup.png","datePublished":"2017-04-08T17:05:01+00:00","dateModified":"2023-05-23T18:34:41+00:00","description":"Centro de recursos de NBC-Elettronica Brasil. Acesse folhas de dados, informa\u00e7\u00f5es e not\u00edcias. Inscreva-se gr\u00e1tis agora!","breadcrumb":{"@id":"https:\/\/mi.nbc-ar.com\/pt-br\/#breadcrumb"},"inLanguage":"pt-BR","potentialAction":[{"@type":"ReadAction","target":["https:\/\/mi.nbc-ar.com\/pt-br\/"]}]},{"@type":"ImageObject","inLanguage":"pt-BR","@id":"https:\/\/mi.nbc-ar.com\/pt-br\/#primaryimage","url":"https:\/\/mi.nbc-ar.com\/wp-content\/uploads\/nbc-mockup.png","contentUrl":"https:\/\/mi.nbc-ar.com\/wp-content\/uploads\/nbc-mockup.png"},{"@type":"BreadcrumbList","@id":"https:\/\/mi.nbc-ar.com\/pt-br\/#breadcrumb","itemListElement":[{"@type":"ListItem","position":1,"name":"Inicio","item":"https:\/\/mi.nbc-ar.com\/pt-br\/"},{"@type":"ListItem","position":2,"name":"Membresia | Login"}]},{"@type":"WebSite","@id":"https:\/\/mi.nbc-ar.com\/#website","url":"https:\/\/mi.nbc-ar.com\/","name":"NBC Elettronica | Centro de Recursos","description":"A qu\u00e9 se dedica tu empresa","potentialAction":[{"@type":"SearchAction","target":{"@type":"EntryPoint","urlTemplate":"https:\/\/mi.nbc-ar.com\/?s={search_term_string}"},"query-input":{"@type":"PropertyValueSpecification","valueRequired":true,"valueName":"search_term_string"}}],"inLanguage":"pt-BR"}]}},"_links":{"self":[{"href":"https:\/\/mi.nbc-ar.com\/pt-br\/wp-json\/wp\/v2\/pages\/1199","targetHints":{"allow":["GET"]}}],"collection":[{"href":"https:\/\/mi.nbc-ar.com\/pt-br\/wp-json\/wp\/v2\/pages"}],"about":[{"href":"https:\/\/mi.nbc-ar.com\/pt-br\/wp-json\/wp\/v2\/types\/page"}],"author":[{"embeddable":true,"href":"https:\/\/mi.nbc-ar.com\/pt-br\/wp-json\/wp\/v2\/users\/2"}],"replies":[{"embeddable":true,"href":"https:\/\/mi.nbc-ar.com\/pt-br\/wp-json\/wp\/v2\/comments?post=1199"}],"version-history":[{"count":0,"href":"https:\/\/mi.nbc-ar.com\/pt-br\/wp-json\/wp\/v2\/pages\/1199\/revisions"}],"wp:attachment":[{"href":"https:\/\/mi.nbc-ar.com\/pt-br\/wp-json\/wp\/v2\/media?parent=1199"}],"curies":[{"name":"wp","href":"https:\/\/api.w.org\/{rel}","templated":true}]}}