{"id":1206,"date":"2017-03-17T15:29:17","date_gmt":"2017-03-17T18:29:17","guid":{"rendered":"https:\/\/mi.nbc-ar.com\/escritorio\/"},"modified":"2023-05-24T12:50:42","modified_gmt":"2023-05-24T15:50:42","slug":"desktop","status":"publish","type":"page","link":"https:\/\/mi.nbc-ar.com\/pt-br\/desktop\/","title":{"rendered":"Membresia | Escritorio"},"content":{"rendered":"<div class=\"swpm-post-not-logged-in-msg\">Debes acceder para ver \u00e9ste contenido. Por favor <a class=\"swpm-login-link\" href=\"https:\/\/mi.nbc-ar.com\/\">Acceder<\/a>. \u00bfA\u00fan no eres miembro? <a href=\"https:\/\/mi.nbc-ar.com\/registro\/\">\u00danete a nosotros<\/a><\/div>","protected":false},"excerpt":{"rendered":"<p>&nbsp; Bem-vindo ao nosso Centro de Recursos &nbsp; A partir daqui, voc\u00ea pode facilmente fazer o download das folhas de dados de nossos produtos, com informa\u00e7\u00f5es completas sobre suas caracter\u00edsticas t\u00e9cnicas e detalhes operacionais. Se voc\u00ea tiver alguma d\u00favida ou precisar de mais informa\u00e7\u00f5es, entre em contato com a aqu\u00ed. &nbsp; &nbsp; &nbsp; &#8220;Na ajudamos [&hellip;]<\/p>\n","protected":false},"author":2,"featured_media":0,"parent":0,"menu_order":0,"comment_status":"closed","ping_status":"closed","template":"landingpage-template.php","meta":{"footnotes":""},"class_list":["post-1206","page","type-page","status-publish","hentry"],"yoast_head":"<title>Filia\u00e7\u00e3o | NBC Elettronica | Centro de Recursos<\/title>\n<meta name=\"description\" content=\"Conhe\u00e7a os detalhes de nossos produtos de alta qualidade. NBC Elettronica Centro de Recursos Envio em toda a Brasil.\" \/>\n<meta name=\"robots\" content=\"noindex, follow, max-snippet:-1, max-image-preview:large, max-video-preview:-1\" \/>\n<meta property=\"og:locale\" content=\"pt_BR\" \/>\n<meta property=\"og:type\" content=\"article\" \/>\n<meta property=\"og:title\" content=\"Filia\u00e7\u00e3o | NBC Elettronica | Centro de Recursos\" \/>\n<meta property=\"og:description\" content=\"Conhe\u00e7a os detalhes de nossos produtos de alta qualidade. NBC Elettronica Centro de Recursos Envio em toda a Brasil.\" \/>\n<meta property=\"og:url\" content=\"https:\/\/mi.nbc-ar.com\/pt-br\/desktop\/\" \/>\n<meta property=\"og:site_name\" content=\"NBC Elettronica | Centro de Recursos\" \/>\n<meta property=\"article:modified_time\" content=\"2023-05-24T15:50:42+00:00\" \/>\n<meta name=\"twitter:card\" content=\"summary_large_image\" \/>\n<script type=\"application\/ld+json\" class=\"yoast-schema-graph\">{\"@context\":\"https:\/\/schema.org\",\"@graph\":[{\"@type\":\"WebPage\",\"@id\":\"https:\/\/mi.nbc-ar.com\/pt-br\/desktop\/\",\"url\":\"https:\/\/mi.nbc-ar.com\/pt-br\/desktop\/\",\"name\":\"Filia\u00e7\u00e3o | NBC Elettronica | Centro de Recursos\",\"isPartOf\":{\"@id\":\"https:\/\/mi.nbc-ar.com\/#website\"},\"datePublished\":\"2017-03-17T18:29:17+00:00\",\"dateModified\":\"2023-05-24T15:50:42+00:00\",\"description\":\"Conhe\u00e7a os detalhes de nossos produtos de alta qualidade. NBC Elettronica Centro de Recursos Envio em toda a Brasil.\",\"breadcrumb\":{\"@id\":\"https:\/\/mi.nbc-ar.com\/pt-br\/desktop\/#breadcrumb\"},\"inLanguage\":\"pt-BR\",\"potentialAction\":[{\"@type\":\"ReadAction\",\"target\":[\"https:\/\/mi.nbc-ar.com\/pt-br\/desktop\/\"]}]},{\"@type\":\"BreadcrumbList\",\"@id\":\"https:\/\/mi.nbc-ar.com\/pt-br\/desktop\/#breadcrumb\",\"itemListElement\":[{\"@type\":\"ListItem\",\"position\":1,\"name\":\"Inicio\",\"item\":\"https:\/\/mi.nbc-ar.com\/pt-br\/\"},{\"@type\":\"ListItem\",\"position\":2,\"name\":\"Membresia | Escritorio\"}]},{\"@type\":\"WebSite\",\"@id\":\"https:\/\/mi.nbc-ar.com\/#website\",\"url\":\"https:\/\/mi.nbc-ar.com\/\",\"name\":\"NBC Elettronica | Centro de Recursos\",\"description\":\"A qu\u00e9 se dedica tu empresa\",\"potentialAction\":[{\"@type\":\"SearchAction\",\"target\":{\"@type\":\"EntryPoint\",\"urlTemplate\":\"https:\/\/mi.nbc-ar.com\/?s={search_term_string}\"},\"query-input\":{\"@type\":\"PropertyValueSpecification\",\"valueRequired\":true,\"valueName\":\"search_term_string\"}}],\"inLanguage\":\"pt-BR\"}]}<\/script>","yoast_head_json":{"title":"Filia\u00e7\u00e3o | NBC Elettronica | Centro de Recursos","description":"Conhe\u00e7a os detalhes de nossos produtos de alta qualidade. NBC Elettronica Centro de Recursos Envio em toda a Brasil.","robots":{"index":"noindex","follow":"follow","max-snippet":"max-snippet:-1","max-image-preview":"max-image-preview:large","max-video-preview":"max-video-preview:-1"},"og_locale":"pt_BR","og_type":"article","og_title":"Filia\u00e7\u00e3o | NBC Elettronica | Centro de Recursos","og_description":"Conhe\u00e7a os detalhes de nossos produtos de alta qualidade. NBC Elettronica Centro de Recursos Envio em toda a Brasil.","og_url":"https:\/\/mi.nbc-ar.com\/pt-br\/desktop\/","og_site_name":"NBC Elettronica | Centro de Recursos","article_modified_time":"2023-05-24T15:50:42+00:00","twitter_card":"summary_large_image","schema":{"@context":"https:\/\/schema.org","@graph":[{"@type":"WebPage","@id":"https:\/\/mi.nbc-ar.com\/pt-br\/desktop\/","url":"https:\/\/mi.nbc-ar.com\/pt-br\/desktop\/","name":"Filia\u00e7\u00e3o | NBC Elettronica | Centro de Recursos","isPartOf":{"@id":"https:\/\/mi.nbc-ar.com\/#website"},"datePublished":"2017-03-17T18:29:17+00:00","dateModified":"2023-05-24T15:50:42+00:00","description":"Conhe\u00e7a os detalhes de nossos produtos de alta qualidade. NBC Elettronica Centro de Recursos Envio em toda a Brasil.","breadcrumb":{"@id":"https:\/\/mi.nbc-ar.com\/pt-br\/desktop\/#breadcrumb"},"inLanguage":"pt-BR","potentialAction":[{"@type":"ReadAction","target":["https:\/\/mi.nbc-ar.com\/pt-br\/desktop\/"]}]},{"@type":"BreadcrumbList","@id":"https:\/\/mi.nbc-ar.com\/pt-br\/desktop\/#breadcrumb","itemListElement":[{"@type":"ListItem","position":1,"name":"Inicio","item":"https:\/\/mi.nbc-ar.com\/pt-br\/"},{"@type":"ListItem","position":2,"name":"Membresia | Escritorio"}]},{"@type":"WebSite","@id":"https:\/\/mi.nbc-ar.com\/#website","url":"https:\/\/mi.nbc-ar.com\/","name":"NBC Elettronica | Centro de Recursos","description":"A qu\u00e9 se dedica tu empresa","potentialAction":[{"@type":"SearchAction","target":{"@type":"EntryPoint","urlTemplate":"https:\/\/mi.nbc-ar.com\/?s={search_term_string}"},"query-input":{"@type":"PropertyValueSpecification","valueRequired":true,"valueName":"search_term_string"}}],"inLanguage":"pt-BR"}]}},"_links":{"self":[{"href":"https:\/\/mi.nbc-ar.com\/pt-br\/wp-json\/wp\/v2\/pages\/1206","targetHints":{"allow":["GET"]}}],"collection":[{"href":"https:\/\/mi.nbc-ar.com\/pt-br\/wp-json\/wp\/v2\/pages"}],"about":[{"href":"https:\/\/mi.nbc-ar.com\/pt-br\/wp-json\/wp\/v2\/types\/page"}],"author":[{"embeddable":true,"href":"https:\/\/mi.nbc-ar.com\/pt-br\/wp-json\/wp\/v2\/users\/2"}],"replies":[{"embeddable":true,"href":"https:\/\/mi.nbc-ar.com\/pt-br\/wp-json\/wp\/v2\/comments?post=1206"}],"version-history":[{"count":0,"href":"https:\/\/mi.nbc-ar.com\/pt-br\/wp-json\/wp\/v2\/pages\/1206\/revisions"}],"wp:attachment":[{"href":"https:\/\/mi.nbc-ar.com\/pt-br\/wp-json\/wp\/v2\/media?parent=1206"}],"curies":[{"name":"wp","href":"https:\/\/api.w.org\/{rel}","templated":true}]}}