{"id":1233,"date":"2019-08-06T17:21:20","date_gmt":"2019-08-06T20:21:20","guid":{"rendered":"https:\/\/mi.nbc-ar.com\/registro\/"},"modified":"2023-05-24T12:51:28","modified_gmt":"2023-05-24T15:51:28","slug":"inscricao","status":"publish","type":"page","link":"https:\/\/mi.nbc-ar.com\/pt-br\/inscricao\/","title":{"rendered":"Membership | Inscri\u00e7\u00e3o"},"content":{"rendered":"<div id=\"pl-1233\"  class=\"panel-layout\" ><div id=\"pg-1233-0\"  class=\"panel-grid panel-has-style\" ><div class=\"siteorigin-panels-stretch panel-row-style panel-row-style-for-1233-0\" id=\"login\" data-stretch-type=\"full\" ><div id=\"pgc-1233-0-0\"  class=\"panel-grid-cell\" ><div id=\"panel-1233-0-0-0\" class=\"so-panel widget widget_sow-editor panel-first-child\" data-index=\"0\" ><div class=\"blanco panel-widget-style panel-widget-style-for-1233-0-0-0\" ><div\n\t\t\t\n\t\t\tclass=\"so-widget-sow-editor so-widget-sow-editor-base\"\n\t\t\t\n\t\t>\n<div class=\"siteorigin-widget-tinymce textwidget\">\n\t<h1 style=\"text-align: center; color: white;\">Crie uma conta<\/h1>\n<\/div>\n<\/div><\/div><\/div><div id=\"panel-1233-0-0-1\" class=\"so-panel widget widget_sow-editor\" data-index=\"1\" ><div\n\t\t\t\n\t\t\tclass=\"so-widget-sow-editor so-widget-sow-editor-base\"\n\t\t\t\n\t\t>\n<div class=\"siteorigin-widget-tinymce textwidget\">\n\t<p>&nbsp;<\/p>\n<\/div>\n<\/div><\/div><div id=\"panel-1233-0-0-2\" class=\"so-panel widget widget_sow-editor\" data-index=\"2\" ><div class=\"blanco panel-widget-style panel-widget-style-for-1233-0-0-2\" ><div\n\t\t\t\n\t\t\tclass=\"so-widget-sow-editor so-widget-sow-editor-base\"\n\t\t\t\n\t\t>\n<div class=\"siteorigin-widget-tinymce textwidget\">\n\t<h6 style=\"text-align: center; color: white;\">\u00c9 r\u00e1pido, f\u00e1cil e gr\u00e1tis<\/h6>\n<\/div>\n<\/div><\/div><\/div><div id=\"panel-1233-0-0-3\" class=\"so-panel widget widget_sow-editor panel-last-child\" data-index=\"3\" ><div\n\t\t\t\n\t\t\tclass=\"so-widget-sow-editor so-widget-sow-editor-base\"\n\t\t\t\n\t\t>\n<div class=\"siteorigin-widget-tinymce textwidget\">\n\t<p>&nbsp;<\/p>\n<\/div>\n<\/div><\/div><\/div><div id=\"pgc-1233-0-1\"  class=\"panel-grid-cell\" ><div id=\"panel-1233-0-1-0\" class=\"so-panel widget widget_sow-editor panel-first-child\" data-index=\"4\" ><div class=\"blanco panel-widget-style panel-widget-style-for-1233-0-1-0\" ><div\n\t\t\t\n\t\t\tclass=\"so-widget-sow-editor so-widget-sow-editor-base\"\n\t\t\t\n\t\t>\n<div class=\"siteorigin-widget-tinymce textwidget\">\n\t<div class=\"swpm-registration-widget-form\">\n    <form id=\"swpm-registration-form\" class=\"swpm-validate-form\" name=\"swpm-registration-form\" method=\"post\" action=\"\">\n        <input type =\"hidden\" name=\"level_identifier\" value=\"c81e728d9d4c2f636f067f89cc14862c\" \/>\n        <table>\n            <tr class=\"swpm-registration-username-row\" >\n                <td><label for=\"user_name\">Nombre de usuario<\/label><\/td>\n                <td><input type=\"text\" id=\"user_name\" class=\"validate[required,custom[noapostrophe],custom[SWPMUserName],minSize[4],ajax[ajaxUserCall]]\" value=\"\" size=\"50\" name=\"user_name\" \/><\/td>\n            <\/tr>\n            <tr class=\"swpm-registration-email-row\">\n                <td><label for=\"email\">Correo electr\u00f3nico<\/label><\/td>\n                <td><input type=\"text\" autocomplete=\"off\" id=\"email\" class=\"validate[required,custom[email],ajax[ajaxEmailCall]]\" value=\"\" size=\"50\" name=\"email\" \/><\/td>\n            <\/tr>\n            <tr class=\"swpm-registration-password-row\">\n                <td><label for=\"password\">Contrase\u00f1a<\/label><\/td>\n                <td><input type=\"password\" autocomplete=\"off\" id=\"password\" class=\"\" value=\"\" size=\"50\" name=\"password\" \/><\/td>\n            <\/tr>\n            <tr class=\"swpm-registration-password-retype-row\">\n                <td><label for=\"password_re\">Repetir contrase\u00f1a<\/label><\/td>\n                <td><input type=\"password\" autocomplete=\"off\" id=\"password_re\" value=\"\" size=\"50\" name=\"password_re\" \/><\/td>\n            <\/tr>\n            <tr class=\"swpm-registration-firstname-row\" >\n                <td><label for=\"first_name\">Nombre<\/label><\/td>\n                <td><input type=\"text\" id=\"first_name\" value=\"\" size=\"50\" name=\"first_name\" \/><\/td>\n            <\/tr>\n            <tr class=\"swpm-registration-lastname-row\" >\n                <td><label for=\"last_name\">Apellidos<\/label><\/td>\n                <td><input type=\"text\" id=\"last_name\" value=\"\" size=\"50\" name=\"last_name\" \/><\/td>\n            <\/tr>\n            <tr\n                class=\"swpm-registration-membership-level-row\"\n                                style=\"\"\n            >\n                <td><label for=\"membership_level\">Nivel de membres\u00eda<\/label><\/td>\n                <td>\n                    Suscriptor<input type=\"hidden\" value=\"2\" size=\"50\" name=\"swpm_membership_level\" id=\"membership_level\" \/><input type=\"hidden\" name=\"swpm_level_hash\" value=\"1b6d3a888b539e377d21cc17aa17ad63\" \/>                <\/td>\n            <\/tr>\n                    <\/table>\n\n        <div class=\"swpm-before-registration-submit-section\" align=\"center\"><\/div>\n\n        <div class=\"swpm-registration-submit-section\" align=\"center\">\n            <input type=\"submit\" value=\"Registrarse\" class=\"swpm-registration-submit\" name=\"swpm_registration_submit\" \/>\n        <\/div>\n\n        <input type=\"hidden\" name=\"action\" value=\"custom_posts\" \/>\n\n    <\/form>\n<\/div>\n\n<\/div>\n<\/div><\/div><\/div><div id=\"panel-1233-0-1-1\" class=\"so-panel widget widget_sow-editor panel-last-child\" data-index=\"5\" ><div class=\"blanco panel-widget-style panel-widget-style-for-1233-0-1-1\" ><div\n\t\t\t\n\t\t\tclass=\"so-widget-sow-editor so-widget-sow-editor-base\"\n\t\t\t\n\t\t>\n<div class=\"siteorigin-widget-tinymce textwidget\">\n\t<p style=\"text-align: center;\"><a class=\"link-ya-tengo-cuenta\" href=\"\/pt-br\/\">Eu j\u00e1 tenho uma conta<\/a><\/p>\n<\/div>\n<\/div><\/div><\/div><\/div><\/div><\/div><div id=\"pg-1233-1\"  class=\"panel-grid panel-has-style\" ><div class=\"siteorigin-panels-stretch panel-row-style panel-row-style-for-1233-1\" id=\"beneficios\" data-stretch-type=\"full\" ><div id=\"pgc-1233-1-0\"  class=\"panel-grid-cell\" ><div id=\"panel-1233-1-0-0\" class=\"so-panel widget widget_sow-editor panel-first-child\" data-index=\"6\" ><div\n\t\t\t\n\t\t\tclass=\"so-widget-sow-editor so-widget-sow-editor-base\"\n\t\t\t\n\t\t>\n<div class=\"siteorigin-widget-tinymce textwidget\">\n\t<p>&nbsp;<\/p>\n<\/div>\n<\/div><\/div><div id=\"panel-1233-1-0-1\" class=\"so-panel widget widget_sow-editor\" data-index=\"7\" ><div\n\t\t\t\n\t\t\tclass=\"so-widget-sow-editor so-widget-sow-editor-base\"\n\t\t\t\n\t\t>\n<div class=\"siteorigin-widget-tinymce textwidget\">\n\t<img loading=\"lazy\" decoding=\"async\" src=\"https:\/\/mi.nbc-ar.com\/wp-content\/uploads\/nbc-mockup.png\" alt=\"nbc-mockup\" width=\"800\" height=\"500\" class=\"aligncenter size-full wp-image-1182\" srcset=\"https:\/\/mi.nbc-ar.com\/wp-content\/uploads\/nbc-mockup.png 800w, https:\/\/mi.nbc-ar.com\/wp-content\/uploads\/nbc-mockup-300x188.png 300w, https:\/\/mi.nbc-ar.com\/wp-content\/uploads\/nbc-mockup-100x63.png 100w\" sizes=\"auto, (max-width: 800px) 100vw, 800px\" \/><\/div>\n<\/div><\/div><div id=\"panel-1233-1-0-2\" class=\"so-panel widget widget_sow-editor panel-last-child\" data-index=\"8\" ><div\n\t\t\t\n\t\t\tclass=\"so-widget-sow-editor so-widget-sow-editor-base\"\n\t\t\t\n\t\t>\n<div class=\"siteorigin-widget-tinymce textwidget\">\n\t<p>&nbsp;<\/p>\n<\/div>\n<\/div><\/div><\/div><div id=\"pgc-1233-1-1\"  class=\"panel-grid-cell\" ><div id=\"panel-1233-1-1-0\" class=\"so-panel widget widget_sow-editor panel-first-child\" data-index=\"9\" ><div class=\"panel-widget-style panel-widget-style-for-1233-1-1-0\" ><div\n\t\t\t\n\t\t\tclass=\"so-widget-sow-editor so-widget-sow-editor-base\"\n\t\t\t\n\t\t>\n<div class=\"siteorigin-widget-tinymce textwidget\">\n\t<h2>Aqui voc\u00ea encontrar\u00e1<\/h2>\n<\/div>\n<\/div><\/div><\/div><div id=\"panel-1233-1-1-1\" class=\"so-panel widget widget_sow-editor\" data-index=\"10\" ><div\n\t\t\t\n\t\t\tclass=\"so-widget-sow-editor so-widget-sow-editor-base\"\n\t\t\t\n\t\t>\n<div class=\"siteorigin-widget-tinymce textwidget\">\n\t<p>&nbsp;<\/p>\n<\/div>\n<\/div><\/div><div id=\"panel-1233-1-1-2\" class=\"so-panel widget widget_sow-editor panel-last-child\" data-index=\"11\" ><div\n\t\t\t\n\t\t\tclass=\"so-widget-sow-editor so-widget-sow-editor-base\"\n\t\t\t\n\t\t>\n<div class=\"siteorigin-widget-tinymce textwidget\">\n\t<ul class=\"estrella\">\n<li>Informa\u00e7\u00f5es de not\u00edcias<\/li>\n<li>Folhas de dados<\/li>\n<li>Descontos<\/li>\n<li>Pr\u00e9-lan\u00e7amentos<\/li>\n<li>Ofertas exclusivas<\/li>\n<li>Manuais do usu\u00e1rio<\/li>\n<\/ul>\n<p>&nbsp;<\/p>\n<p>Somos a NBC Elettronica. Dedicamo-nos a ajudar ind\u00fastrias, empresas e profissionais a implementar solu\u00e7\u00f5es de pesagem eletr\u00f4nica de alta precis\u00e3o com uma equipe de profissionais altamente qualificados e com vasta experi\u00eancia.<\/p>\n<\/div>\n<\/div><\/div><\/div><\/div><\/div><div id=\"pg-1233-2\"  class=\"panel-grid panel-no-style\" ><div id=\"pgc-1233-2-0\"  class=\"panel-grid-cell\" ><div id=\"panel-1233-2-0-0\" class=\"so-panel widget widget_sow-editor panel-first-child panel-last-child\" data-index=\"12\" ><div\n\t\t\t\n\t\t\tclass=\"so-widget-sow-editor so-widget-sow-editor-base\"\n\t\t\t\n\t\t>\n<div class=\"siteorigin-widget-tinymce textwidget\">\n\t<\/div>\n<\/div><\/div><\/div><\/div><\/div>","protected":false},"excerpt":{"rendered":"<p>Crie uma conta &nbsp; \u00c9 r\u00e1pido, f\u00e1cil e gr\u00e1tis &nbsp; Eu j\u00e1 tenho uma conta &nbsp; &nbsp; Aqui voc\u00ea encontrar\u00e1 &nbsp; Informa\u00e7\u00f5es de not\u00edcias Folhas de dados Descontos Pr\u00e9-lan\u00e7amentos Ofertas exclusivas Manuais do usu\u00e1rio &nbsp; Somos a . Dedicamo-nos a ajudar ind\u00fastrias, empresas e profissionais a implementar solu\u00e7\u00f5es de pesagem eletr\u00f4nica de alta precis\u00e3o com [&hellip;]<\/p>\n","protected":false},"author":2,"featured_media":0,"parent":0,"menu_order":0,"comment_status":"closed","ping_status":"closed","template":"landingsinmenu-template.php","meta":{"footnotes":""},"class_list":["post-1233","page","type-page","status-publish","hentry"],"yoast_head":"<title>Membership | Inscri\u00e7\u00e3o - NBC Elettronica | Centro de Recursos<\/title>\n<meta name=\"robots\" content=\"noindex, nofollow\" \/>\n<meta property=\"og:locale\" content=\"pt_BR\" \/>\n<meta property=\"og:type\" content=\"article\" \/>\n<meta property=\"og:title\" content=\"Membership | Inscri\u00e7\u00e3o - NBC Elettronica | Centro de Recursos\" \/>\n<meta property=\"og:description\" content=\"Crie uma conta &nbsp; \u00c9 r\u00e1pido, f\u00e1cil e gr\u00e1tis &nbsp; Eu j\u00e1 tenho uma conta &nbsp; &nbsp; Aqui voc\u00ea encontrar\u00e1 &nbsp; Informa\u00e7\u00f5es de not\u00edcias Folhas de dados Descontos Pr\u00e9-lan\u00e7amentos Ofertas exclusivas Manuais do usu\u00e1rio &nbsp; Somos a . Dedicamo-nos a ajudar ind\u00fastrias, empresas e profissionais a implementar solu\u00e7\u00f5es de pesagem eletr\u00f4nica de alta precis\u00e3o com [&hellip;]\" \/>\n<meta property=\"og:url\" content=\"https:\/\/mi.nbc-ar.com\/pt-br\/inscricao\/\" \/>\n<meta property=\"og:site_name\" content=\"NBC Elettronica | Centro de Recursos\" \/>\n<meta property=\"article:modified_time\" content=\"2023-05-24T15:51:28+00:00\" \/>\n<meta property=\"og:image\" content=\"https:\/\/mi.nbc-ar.com\/wp-content\/uploads\/nbc-mockup.png\" \/>\n<meta name=\"twitter:card\" content=\"summary_large_image\" \/>\n<script type=\"application\/ld+json\" class=\"yoast-schema-graph\">{\"@context\":\"https:\/\/schema.org\",\"@graph\":[{\"@type\":\"WebPage\",\"@id\":\"https:\/\/mi.nbc-ar.com\/pt-br\/inscricao\/\",\"url\":\"https:\/\/mi.nbc-ar.com\/pt-br\/inscricao\/\",\"name\":\"Membership | Inscri\u00e7\u00e3o - NBC Elettronica | Centro de Recursos\",\"isPartOf\":{\"@id\":\"https:\/\/mi.nbc-ar.com\/#website\"},\"primaryImageOfPage\":{\"@id\":\"https:\/\/mi.nbc-ar.com\/pt-br\/inscricao\/#primaryimage\"},\"image\":{\"@id\":\"https:\/\/mi.nbc-ar.com\/pt-br\/inscricao\/#primaryimage\"},\"thumbnailUrl\":\"https:\/\/mi.nbc-ar.com\/wp-content\/uploads\/nbc-mockup.png\",\"datePublished\":\"2019-08-06T20:21:20+00:00\",\"dateModified\":\"2023-05-24T15:51:28+00:00\",\"breadcrumb\":{\"@id\":\"https:\/\/mi.nbc-ar.com\/pt-br\/inscricao\/#breadcrumb\"},\"inLanguage\":\"pt-BR\",\"potentialAction\":[{\"@type\":\"ReadAction\",\"target\":[\"https:\/\/mi.nbc-ar.com\/pt-br\/inscricao\/\"]}]},{\"@type\":\"ImageObject\",\"inLanguage\":\"pt-BR\",\"@id\":\"https:\/\/mi.nbc-ar.com\/pt-br\/inscricao\/#primaryimage\",\"url\":\"https:\/\/mi.nbc-ar.com\/wp-content\/uploads\/nbc-mockup.png\",\"contentUrl\":\"https:\/\/mi.nbc-ar.com\/wp-content\/uploads\/nbc-mockup.png\"},{\"@type\":\"BreadcrumbList\",\"@id\":\"https:\/\/mi.nbc-ar.com\/pt-br\/inscricao\/#breadcrumb\",\"itemListElement\":[{\"@type\":\"ListItem\",\"position\":1,\"name\":\"Inicio\",\"item\":\"https:\/\/mi.nbc-ar.com\/pt-br\/\"},{\"@type\":\"ListItem\",\"position\":2,\"name\":\"Membership | Inscri\u00e7\u00e3o\"}]},{\"@type\":\"WebSite\",\"@id\":\"https:\/\/mi.nbc-ar.com\/#website\",\"url\":\"https:\/\/mi.nbc-ar.com\/\",\"name\":\"NBC Elettronica | Centro de Recursos\",\"description\":\"A qu\u00e9 se dedica tu empresa\",\"potentialAction\":[{\"@type\":\"SearchAction\",\"target\":{\"@type\":\"EntryPoint\",\"urlTemplate\":\"https:\/\/mi.nbc-ar.com\/?s={search_term_string}\"},\"query-input\":{\"@type\":\"PropertyValueSpecification\",\"valueRequired\":true,\"valueName\":\"search_term_string\"}}],\"inLanguage\":\"pt-BR\"}]}<\/script>","yoast_head_json":{"title":"Membership | Inscri\u00e7\u00e3o - NBC Elettronica | Centro de Recursos","robots":{"index":"noindex","follow":"nofollow"},"og_locale":"pt_BR","og_type":"article","og_title":"Membership | Inscri\u00e7\u00e3o - NBC Elettronica | Centro de Recursos","og_description":"Crie uma conta &nbsp; \u00c9 r\u00e1pido, f\u00e1cil e gr\u00e1tis &nbsp; Eu j\u00e1 tenho uma conta &nbsp; &nbsp; Aqui voc\u00ea encontrar\u00e1 &nbsp; Informa\u00e7\u00f5es de not\u00edcias Folhas de dados Descontos Pr\u00e9-lan\u00e7amentos Ofertas exclusivas Manuais do usu\u00e1rio &nbsp; Somos a . Dedicamo-nos a ajudar ind\u00fastrias, empresas e profissionais a implementar solu\u00e7\u00f5es de pesagem eletr\u00f4nica de alta precis\u00e3o com [&hellip;]","og_url":"https:\/\/mi.nbc-ar.com\/pt-br\/inscricao\/","og_site_name":"NBC Elettronica | Centro de Recursos","article_modified_time":"2023-05-24T15:51:28+00:00","og_image":[{"url":"https:\/\/mi.nbc-ar.com\/wp-content\/uploads\/nbc-mockup.png","type":"","width":"","height":""}],"twitter_card":"summary_large_image","schema":{"@context":"https:\/\/schema.org","@graph":[{"@type":"WebPage","@id":"https:\/\/mi.nbc-ar.com\/pt-br\/inscricao\/","url":"https:\/\/mi.nbc-ar.com\/pt-br\/inscricao\/","name":"Membership | Inscri\u00e7\u00e3o - NBC Elettronica | Centro de Recursos","isPartOf":{"@id":"https:\/\/mi.nbc-ar.com\/#website"},"primaryImageOfPage":{"@id":"https:\/\/mi.nbc-ar.com\/pt-br\/inscricao\/#primaryimage"},"image":{"@id":"https:\/\/mi.nbc-ar.com\/pt-br\/inscricao\/#primaryimage"},"thumbnailUrl":"https:\/\/mi.nbc-ar.com\/wp-content\/uploads\/nbc-mockup.png","datePublished":"2019-08-06T20:21:20+00:00","dateModified":"2023-05-24T15:51:28+00:00","breadcrumb":{"@id":"https:\/\/mi.nbc-ar.com\/pt-br\/inscricao\/#breadcrumb"},"inLanguage":"pt-BR","potentialAction":[{"@type":"ReadAction","target":["https:\/\/mi.nbc-ar.com\/pt-br\/inscricao\/"]}]},{"@type":"ImageObject","inLanguage":"pt-BR","@id":"https:\/\/mi.nbc-ar.com\/pt-br\/inscricao\/#primaryimage","url":"https:\/\/mi.nbc-ar.com\/wp-content\/uploads\/nbc-mockup.png","contentUrl":"https:\/\/mi.nbc-ar.com\/wp-content\/uploads\/nbc-mockup.png"},{"@type":"BreadcrumbList","@id":"https:\/\/mi.nbc-ar.com\/pt-br\/inscricao\/#breadcrumb","itemListElement":[{"@type":"ListItem","position":1,"name":"Inicio","item":"https:\/\/mi.nbc-ar.com\/pt-br\/"},{"@type":"ListItem","position":2,"name":"Membership | Inscri\u00e7\u00e3o"}]},{"@type":"WebSite","@id":"https:\/\/mi.nbc-ar.com\/#website","url":"https:\/\/mi.nbc-ar.com\/","name":"NBC Elettronica | Centro de Recursos","description":"A qu\u00e9 se dedica tu empresa","potentialAction":[{"@type":"SearchAction","target":{"@type":"EntryPoint","urlTemplate":"https:\/\/mi.nbc-ar.com\/?s={search_term_string}"},"query-input":{"@type":"PropertyValueSpecification","valueRequired":true,"valueName":"search_term_string"}}],"inLanguage":"pt-BR"}]}},"_links":{"self":[{"href":"https:\/\/mi.nbc-ar.com\/pt-br\/wp-json\/wp\/v2\/pages\/1233","targetHints":{"allow":["GET"]}}],"collection":[{"href":"https:\/\/mi.nbc-ar.com\/pt-br\/wp-json\/wp\/v2\/pages"}],"about":[{"href":"https:\/\/mi.nbc-ar.com\/pt-br\/wp-json\/wp\/v2\/types\/page"}],"author":[{"embeddable":true,"href":"https:\/\/mi.nbc-ar.com\/pt-br\/wp-json\/wp\/v2\/users\/2"}],"replies":[{"embeddable":true,"href":"https:\/\/mi.nbc-ar.com\/pt-br\/wp-json\/wp\/v2\/comments?post=1233"}],"version-history":[{"count":0,"href":"https:\/\/mi.nbc-ar.com\/pt-br\/wp-json\/wp\/v2\/pages\/1233\/revisions"}],"wp:attachment":[{"href":"https:\/\/mi.nbc-ar.com\/pt-br\/wp-json\/wp\/v2\/media?parent=1233"}],"curies":[{"name":"wp","href":"https:\/\/api.w.org\/{rel}","templated":true}]}}